{"id":14,"date":"2023-09-11T19:08:38","date_gmt":"2023-09-11T22:08:38","guid":{"rendered":"http:\/\/motelvolupia.com.br\/lauro-de-freitas\/?page_id=14"},"modified":"2025-01-10T12:36:01","modified_gmt":"2025-01-10T15:36:01","slug":"conheca-o-volupia","status":"publish","type":"page","link":"https:\/\/motelvolupia.com.br\/lauro-de-freitas\/conheca-o-volupia\/","title":{"rendered":"Conhe\u00e7a o Vol\u00fapia"},"content":{"rendered":"<h2>Momentos intensos e \u00fanicos.<br \/>\nVenha viv\u00ea-los aqui, no Vol\u00fapia.<\/h2>\n<p>Em funcionamento h\u00e1 mais de 20 anos na cidade de Salvador, o Motel Vol\u00fapia agora chega a Lauro de Freitas em uma nova unidade totalmente moderna, trazendo a nova motelaria para a cidade. Refer\u00eancia para quem gosta e\/ou deseja viver momentos intensos de paix\u00e3o e prazer em um ambiente elegante, sofisticado, confort\u00e1vel e seguro, venha conhecer e viver o Motel Vol\u00fapia Lauro de Freitas.<\/p>\n<p>Todas as nossas su\u00edtes contam com ar-condicionado, som ambiente, TV LED com canais er\u00f3ticos, frigobar e garagem privativa. Algumas s\u00e3o equipadas com banheira de hidromassagem e cadeira er\u00f3tica, que proporcionar\u00e3o a voc\u00ea e a seu ou sua parceira momentos de relaxamento e realiza\u00e7\u00e3o das suas fantasias mais \u00edntimas<\/p>\n<p>Para sua experi\u00eancia ser ainda mais completa, nosso restaurante funciona 24h, oferecendo op\u00e7\u00f5es diversas de caf\u00e9 da manh\u00e3, almo\u00e7o, jantar e tira-gostos, a exemplo do caldo de sururu, afrodis\u00edaco natural, que vai deixar seus momentos no Vol\u00fapia ainda mais intensos. No nosso frigobar, os clientes Vol\u00fapia tamb\u00e9m encontram op\u00e7\u00f5es de bebidas, como vinhos, espumantes, energ\u00e9ticos e cerveja. Afinal, o nosso prop\u00f3sito \u00e9 despertar prazer e satisfa\u00e7\u00e3o em todos os seus sentidos.<\/p>\n<p>Venha viver a experi\u00eancia Vol\u00fapia. Aqui, o prazer \u00e9 todo seu.<\/p>\n","protected":false},"excerpt":{"rendered":"<p>Momentos intensos e \u00fanicos. Venha viv\u00ea-los aqui, no Vol\u00fapia. Em funcionamento h\u00e1 mais de 20 anos na cidade de Salvador, o Motel Vol\u00fapia agora chega a Lauro de Freitas em uma nova unidade totalmente moderna, trazendo a nova motelaria para a cidade. Refer\u00eancia para quem gosta e\/ou deseja viver momentos intensos de paix\u00e3o e prazer [&hellip;]<\/p>\n","protected":false},"author":1,"featured_media":0,"parent":0,"menu_order":0,"comment_status":"closed","ping_status":"closed","template":"page-conheca.php","meta":{"_acf_changed":false,"footnotes":""},"class_list":["post-14","page","type-page","status-publish","hentry"],"acf":[],"_links":{"self":[{"href":"https:\/\/motelvolupia.com.br\/lauro-de-freitas\/wp-json\/wp\/v2\/pages\/14","targetHints":{"allow":["GET"]}}],"collection":[{"href":"https:\/\/motelvolupia.com.br\/lauro-de-freitas\/wp-json\/wp\/v2\/pages"}],"about":[{"href":"https:\/\/motelvolupia.com.br\/lauro-de-freitas\/wp-json\/wp\/v2\/types\/page"}],"author":[{"embeddable":true,"href":"https:\/\/motelvolupia.com.br\/lauro-de-freitas\/wp-json\/wp\/v2\/users\/1"}],"replies":[{"embeddable":true,"href":"https:\/\/motelvolupia.com.br\/lauro-de-freitas\/wp-json\/wp\/v2\/comments?post=14"}],"version-history":[{"count":23,"href":"https:\/\/motelvolupia.com.br\/lauro-de-freitas\/wp-json\/wp\/v2\/pages\/14\/revisions"}],"predecessor-version":[{"id":342,"href":"https:\/\/motelvolupia.com.br\/lauro-de-freitas\/wp-json\/wp\/v2\/pages\/14\/revisions\/342"}],"wp:attachment":[{"href":"https:\/\/motelvolupia.com.br\/lauro-de-freitas\/wp-json\/wp\/v2\/media?parent=14"}],"curies":[{"name":"wp","href":"https:\/\/api.w.org\/{rel}","templated":true}]}}