{"id":16,"date":"2023-09-11T19:08:46","date_gmt":"2023-09-11T22:08:46","guid":{"rendered":"http:\/\/motelvolupia.com.br\/lauro-de-freitas\/?page_id=16"},"modified":"2025-01-10T16:25:30","modified_gmt":"2025-01-10T19:25:30","slug":"gastronomia","status":"publish","type":"page","link":"https:\/\/motelvolupia.com.br\/lauro-de-freitas\/gastronomia\/","title":{"rendered":"Gastronomia"},"content":{"rendered":"<h2>Uma explos\u00e3o de sabores e sensa\u00e7\u00f5es.<br \/>\nTudo isso voc\u00ea vive aqui, no Vol\u00fapia.<\/h2>\n<p>Aqui, no Vol\u00fapia, voc\u00ea e seu parceiro ou parceira contam com um card\u00e1pio que vai complementar a sua experi\u00eancia e o seu prazer.<\/p>\n<p><a href=\"http:\/\/motelvolupia.com.br\/wp-content\/uploads\/2024\/12\/Cardapio_Gastronomia_Volupia.pdf\">Clique aqui e confira o <strong>Card\u00e1pio da Cozinha<\/strong> do Vol\u00fapia<\/a>.<\/p>\n<p><a href=\"http:\/\/motelvolupia.com.br\/wp-content\/uploads\/2024\/12\/Cardapio_Frigobar_Volupia.pdf\">Clique aqui e confira o <strong>Card\u00e1pio do Frigobar<\/strong> do Vol\u00fapia<\/a>.<\/p>\n","protected":false},"excerpt":{"rendered":"<p>Uma explos\u00e3o de sabores e sensa\u00e7\u00f5es. Tudo isso voc\u00ea vive aqui, no Vol\u00fapia. Aqui, no Vol\u00fapia, voc\u00ea e seu parceiro ou parceira contam com um card\u00e1pio que vai complementar a sua experi\u00eancia e o seu prazer. Clique aqui e confira o Card\u00e1pio da Cozinha do Vol\u00fapia. Clique aqui e confira o Card\u00e1pio do Frigobar do [&hellip;]<\/p>\n","protected":false},"author":1,"featured_media":0,"parent":0,"menu_order":0,"comment_status":"closed","ping_status":"closed","template":"page-gastronomia.php","meta":{"_acf_changed":false,"footnotes":""},"class_list":["post-16","page","type-page","status-publish","hentry"],"acf":[],"_links":{"self":[{"href":"https:\/\/motelvolupia.com.br\/lauro-de-freitas\/wp-json\/wp\/v2\/pages\/16","targetHints":{"allow":["GET"]}}],"collection":[{"href":"https:\/\/motelvolupia.com.br\/lauro-de-freitas\/wp-json\/wp\/v2\/pages"}],"about":[{"href":"https:\/\/motelvolupia.com.br\/lauro-de-freitas\/wp-json\/wp\/v2\/types\/page"}],"author":[{"embeddable":true,"href":"https:\/\/motelvolupia.com.br\/lauro-de-freitas\/wp-json\/wp\/v2\/users\/1"}],"replies":[{"embeddable":true,"href":"https:\/\/motelvolupia.com.br\/lauro-de-freitas\/wp-json\/wp\/v2\/comments?post=16"}],"version-history":[{"count":10,"href":"https:\/\/motelvolupia.com.br\/lauro-de-freitas\/wp-json\/wp\/v2\/pages\/16\/revisions"}],"predecessor-version":[{"id":347,"href":"https:\/\/motelvolupia.com.br\/lauro-de-freitas\/wp-json\/wp\/v2\/pages\/16\/revisions\/347"}],"wp:attachment":[{"href":"https:\/\/motelvolupia.com.br\/lauro-de-freitas\/wp-json\/wp\/v2\/media?parent=16"}],"curies":[{"name":"wp","href":"https:\/\/api.w.org\/{rel}","templated":true}]}}